{"id":1433,"date":"2025-12-03T16:42:57","date_gmt":"2025-12-03T15:42:57","guid":{"rendered":"https:\/\/fragnach.org\/?page_id=1433"},"modified":"2025-12-18T12:06:23","modified_gmt":"2025-12-18T11:06:23","slug":"postkarten-grossmutter","status":"publish","type":"page","link":"https:\/\/fragnach.org\/en\/transkriptionen\/postkarten-grossmutter\/","title":{"rendered":"Postkarten Gro\u00dfmutter"},"content":{"rendered":"<p><div class=\"fusion-fullwidth fullwidth-box fusion-builder-row-1 fusion-flex-container nonhundred-percent-fullwidth non-hundred-percent-height-scrolling\" style=\"--awb-border-radius-top-left:0px;--awb-border-radius-top-right:0px;--awb-border-radius-bottom-right:0px;--awb-border-radius-bottom-left:0px;--awb-flex-wrap:wrap;\" ><div class=\"fusion-builder-row fusion-row fusion-flex-align-items-flex-start fusion-flex-content-wrap\" style=\"max-width:1572.48px;margin-left: calc(-4% \/ 2 );margin-right: calc(-4% \/ 2 );\"><div class=\"fusion-layout-column fusion_builder_column fusion-builder-column-0 fusion_builder_column_1_1 1_1 fusion-flex-column\" style=\"--awb-bg-size:cover;--awb-width-large:100%;--awb-margin-top-large:0px;--awb-spacing-right-large:1.92%;--awb-margin-bottom-large:20px;--awb-spacing-left-large:1.92%;--awb-width-medium:100%;--awb-order-medium:0;--awb-spacing-right-medium:1.92%;--awb-spacing-left-medium:1.92%;--awb-width-small:100%;--awb-order-small:0;--awb-spacing-right-small:1.92%;--awb-spacing-left-small:1.92%;\"><div class=\"fusion-column-wrapper fusion-column-has-shadow fusion-flex-justify-content-flex-start fusion-content-layout-column\"><div class=\"fusion-text fusion-text-1\"><p><strong>Postkarte von Betty Lauchheimer an Familie Auerbacher, 1. Dezember 1941<\/strong><\/p>\n<\/div><\/div><\/div><div class=\"fusion-layout-column fusion_builder_column fusion-builder-column-1 fusion_builder_column_1_2 1_2 fusion-flex-column\" style=\"--awb-bg-size:cover;--awb-width-large:50%;--awb-margin-top-large:0px;--awb-spacing-right-large:3.84%;--awb-margin-bottom-large:0px;--awb-spacing-left-large:3.84%;--awb-width-medium:50%;--awb-spacing-right-medium:3.84%;--awb-spacing-left-medium:3.84%;--awb-width-small:100%;--awb-spacing-right-small:1.92%;--awb-spacing-left-small:1.92%;\"><div class=\"fusion-column-wrapper fusion-flex-justify-content-flex-start fusion-content-layout-column\"><div class=\"fusion-text fusion-text-2\"><p><a href=\"https:\/\/fragnach.org\/wp-content\/uploads\/2025\/12\/062a_DIT_IA_Postkarte_Grossmutter_VS_klein-rotated-e1765967872930.jpg\"><img decoding=\"async\" class=\"alignnone wp-image-1437 size-medium\" src=\"https:\/\/fragnach.org\/wp-content\/uploads\/2025\/12\/062a_DIT_IA_Postkarte_Grossmutter_VS_klein-rotated-e1765967872930-200x300.jpg\" alt=\"\" width=\"200\" height=\"300\" srcset=\"https:\/\/fragnach.org\/wp-content\/uploads\/2025\/12\/062a_DIT_IA_Postkarte_Grossmutter_VS_klein-rotated-e1765967872930-8x12.jpg 8w, https:\/\/fragnach.org\/wp-content\/uploads\/2025\/12\/062a_DIT_IA_Postkarte_Grossmutter_VS_klein-rotated-e1765967872930-200x300.jpg 200w, https:\/\/fragnach.org\/wp-content\/uploads\/2025\/12\/062a_DIT_IA_Postkarte_Grossmutter_VS_klein-rotated-e1765967872930-400x600.jpg 400w, https:\/\/fragnach.org\/wp-content\/uploads\/2025\/12\/062a_DIT_IA_Postkarte_Grossmutter_VS_klein-rotated-e1765967872930-600x900.jpg 600w, https:\/\/fragnach.org\/wp-content\/uploads\/2025\/12\/062a_DIT_IA_Postkarte_Grossmutter_VS_klein-rotated-e1765967872930-768x1152.jpg 768w, https:\/\/fragnach.org\/wp-content\/uploads\/2025\/12\/062a_DIT_IA_Postkarte_Grossmutter_VS_klein-rotated-e1765967872930-800x1200.jpg 800w, https:\/\/fragnach.org\/wp-content\/uploads\/2025\/12\/062a_DIT_IA_Postkarte_Grossmutter_VS_klein-rotated-e1765967872930-1024x1536.jpg 1024w, https:\/\/fragnach.org\/wp-content\/uploads\/2025\/12\/062a_DIT_IA_Postkarte_Grossmutter_VS_klein-rotated-e1765967872930.jpg 1200w\" sizes=\"(max-width: 200px) 100vw, 200px\" \/><\/a><br \/>\n<strong>Transkription Vorderseite<\/strong><\/p>\n<p>[Poststempel:] 2.12.1941,<\/p>\n<p>[Ort?] ______________________________<\/p>\n<p>Absender: Betty Lauchheimer,<\/p>\n<p>G\u00f6ppingen Jebenhausen<\/p>\n<p>Adresse: Herrn Berthold Auerbacher,<\/p>\n<p>G\u00f6ppingen Jebenhausen<\/p>\n<p>Stuttgart den 1. Dez.<\/p>\n<p>Meine innigstgeliebten ______________________________<\/p>\n<p>gutes Ingelein ______________________________<\/p>\n<p>Ich habe mit Schw (?) _______________________<\/p>\n<p>gesprochen alles (?) _______________________<\/p>\n<p>so mu\u00df eben das Beste (?)_______________________<\/p>\n<p>Gottvertrauen haben (?) u. hoffe<\/p>\n<p>ich noch (?) auf ein Wiedersehen<\/p>\n<p>meine Lieben ich _______________________________<\/p>\n<p>____________ keine _______________________________<\/p>\n<p>_______________ dich kan(n) __________________<\/p>\n<p>________________________________________________<\/p>\n<p>_________________________________________<\/p>\n<p>[Notizen am Rand:] In Stuttgart ____________<\/p>\n<p>_________________________________________<\/p>\n<\/div><\/div><\/div><div class=\"fusion-layout-column fusion_builder_column fusion-builder-column-2 fusion_builder_column_1_2 1_2 fusion-flex-column\" style=\"--awb-bg-size:cover;--awb-width-large:50%;--awb-margin-top-large:0px;--awb-spacing-right-large:3.84%;--awb-margin-bottom-large:0px;--awb-spacing-left-large:3.84%;--awb-width-medium:50%;--awb-spacing-right-medium:3.84%;--awb-spacing-left-medium:3.84%;--awb-width-small:100%;--awb-spacing-right-small:1.92%;--awb-spacing-left-small:1.92%;\"><div class=\"fusion-column-wrapper fusion-flex-justify-content-flex-start fusion-content-layout-column\"><div class=\"fusion-text fusion-text-3\"><p><a href=\"https:\/\/fragnach.org\/wp-content\/uploads\/2025\/12\/062a_DIT_IA_Postkarte_Grossmutter_RS_klein.jpg\"><img decoding=\"async\" class=\"alignnone wp-image-1438 size-medium\" src=\"https:\/\/fragnach.org\/wp-content\/uploads\/2025\/12\/062a_DIT_IA_Postkarte_Grossmutter_RS_klein-300x200.jpg\" alt=\"\" width=\"300\" height=\"200\" srcset=\"https:\/\/fragnach.org\/wp-content\/uploads\/2025\/12\/062a_DIT_IA_Postkarte_Grossmutter_RS_klein-18x12.jpg 18w, https:\/\/fragnach.org\/wp-content\/uploads\/2025\/12\/062a_DIT_IA_Postkarte_Grossmutter_RS_klein-200x133.jpg 200w, https:\/\/fragnach.org\/wp-content\/uploads\/2025\/12\/062a_DIT_IA_Postkarte_Grossmutter_RS_klein-300x200.jpg 300w, https:\/\/fragnach.org\/wp-content\/uploads\/2025\/12\/062a_DIT_IA_Postkarte_Grossmutter_RS_klein-400x267.jpg 400w, https:\/\/fragnach.org\/wp-content\/uploads\/2025\/12\/062a_DIT_IA_Postkarte_Grossmutter_RS_klein-600x400.jpg 600w, https:\/\/fragnach.org\/wp-content\/uploads\/2025\/12\/062a_DIT_IA_Postkarte_Grossmutter_RS_klein-768x512.jpg 768w, https:\/\/fragnach.org\/wp-content\/uploads\/2025\/12\/062a_DIT_IA_Postkarte_Grossmutter_RS_klein-800x533.jpg 800w, https:\/\/fragnach.org\/wp-content\/uploads\/2025\/12\/062a_DIT_IA_Postkarte_Grossmutter_RS_klein.jpg 1200w\" sizes=\"(max-width: 300px) 100vw, 300px\" \/><\/a><br \/>\n<strong>Transkription R\u00fcckseite<\/strong><\/p>\n<p>An (?) Eure Euch oft (?) _________________________<\/p>\n<p>denkende Mama (?) _________________________<\/p>\n<p>______________________________________<\/p>\n<p>Li. Rega (?), ich bin nicht<\/p>\n<p>bei die G\u00f6ppingen<\/p>\n<p>Ein (Bei?) Moritz Thalheimer<\/p>\n<p>____________________________ vielleicht<\/p>\n<p>_______________________________________________<\/p>\n<p>Notizen am Rand: __________<\/p>\n<p>_______________________________________________<\/p>\n<\/div><\/div><\/div><div class=\"fusion-layout-column fusion_builder_column fusion-builder-column-3 fusion_builder_column_1_1 1_1 fusion-flex-column\" style=\"--awb-bg-size:cover;--awb-width-large:100%;--awb-margin-top-large:0px;--awb-spacing-right-large:1.92%;--awb-margin-bottom-large:20px;--awb-spacing-left-large:1.92%;--awb-width-medium:100%;--awb-order-medium:0;--awb-spacing-right-medium:1.92%;--awb-spacing-left-medium:1.92%;--awb-width-small:100%;--awb-order-small:0;--awb-spacing-right-small:1.92%;--awb-spacing-left-small:1.92%;\"><div class=\"fusion-column-wrapper fusion-column-has-shadow fusion-flex-justify-content-flex-start fusion-content-layout-column\"><div class=\"fusion-text fusion-text-4\"><\/div><\/div><\/div><\/div><\/div><div class=\"fusion-fullwidth fullwidth-box fusion-builder-row-2 fusion-flex-container has-pattern-background has-mask-background nonhundred-percent-fullwidth non-hundred-percent-height-scrolling\" style=\"--awb-border-radius-top-left:0px;--awb-border-radius-top-right:0px;--awb-border-radius-bottom-right:0px;--awb-border-radius-bottom-left:0px;--awb-flex-wrap:wrap;\" ><div class=\"fusion-builder-row fusion-row fusion-flex-align-items-flex-start fusion-flex-content-wrap\" style=\"max-width:1572.48px;margin-left: calc(-4% \/ 2 );margin-right: calc(-4% \/ 2 );\"><div class=\"fusion-layout-column fusion_builder_column fusion-builder-column-4 fusion_builder_column_1_1 1_1 fusion-flex-column\" style=\"--awb-bg-size:cover;--awb-width-large:100%;--awb-margin-top-large:0px;--awb-spacing-right-large:1.92%;--awb-margin-bottom-large:20px;--awb-spacing-left-large:1.92%;--awb-width-medium:100%;--awb-order-medium:0;--awb-spacing-right-medium:1.92%;--awb-spacing-left-medium:1.92%;--awb-width-small:100%;--awb-order-small:0;--awb-spacing-right-small:1.92%;--awb-spacing-left-small:1.92%;\"><div class=\"fusion-column-wrapper fusion-column-has-shadow fusion-flex-justify-content-flex-start fusion-content-layout-column\"><div class=\"fusion-text fusion-text-5\"><p><strong>Postkarte von Betty Lauchheimer an Familie Auerbacher, 3. Dezember 1941 (Poststempel) <\/strong><\/p>\n<\/div><\/div><\/div><div class=\"fusion-layout-column fusion_builder_column fusion-builder-column-5 fusion_builder_column_1_2 1_2 fusion-flex-column\" style=\"--awb-bg-size:cover;--awb-width-large:50%;--awb-margin-top-large:0px;--awb-spacing-right-large:3.84%;--awb-margin-bottom-large:20px;--awb-spacing-left-large:3.84%;--awb-width-medium:50%;--awb-order-medium:0;--awb-spacing-right-medium:3.84%;--awb-spacing-left-medium:3.84%;--awb-width-small:100%;--awb-order-small:0;--awb-spacing-right-small:1.92%;--awb-spacing-left-small:1.92%;\"><div class=\"fusion-column-wrapper fusion-column-has-shadow fusion-flex-justify-content-flex-start fusion-content-layout-column\"><div class=\"fusion-text fusion-text-6\"><p><a href=\"https:\/\/fragnach.org\/wp-content\/uploads\/2025\/12\/062b_DIT_IA_Postkarte_Grossmutter_VS_klein-rotated-e1765968333350.jpg\"><img decoding=\"async\" class=\"alignnone wp-image-1462 size-medium\" src=\"https:\/\/fragnach.org\/wp-content\/uploads\/2025\/12\/062b_DIT_IA_Postkarte_Grossmutter_VS_klein-rotated-e1765968333350-200x300.jpg\" alt=\"\" width=\"200\" height=\"300\" srcset=\"https:\/\/fragnach.org\/wp-content\/uploads\/2025\/12\/062b_DIT_IA_Postkarte_Grossmutter_VS_klein-rotated-e1765968333350-8x12.jpg 8w, https:\/\/fragnach.org\/wp-content\/uploads\/2025\/12\/062b_DIT_IA_Postkarte_Grossmutter_VS_klein-rotated-e1765968333350-200x300.jpg 200w, https:\/\/fragnach.org\/wp-content\/uploads\/2025\/12\/062b_DIT_IA_Postkarte_Grossmutter_VS_klein-rotated-e1765968333350-400x600.jpg 400w, https:\/\/fragnach.org\/wp-content\/uploads\/2025\/12\/062b_DIT_IA_Postkarte_Grossmutter_VS_klein-rotated-e1765968333350-600x900.jpg 600w, https:\/\/fragnach.org\/wp-content\/uploads\/2025\/12\/062b_DIT_IA_Postkarte_Grossmutter_VS_klein-rotated-e1765968333350-768x1152.jpg 768w, https:\/\/fragnach.org\/wp-content\/uploads\/2025\/12\/062b_DIT_IA_Postkarte_Grossmutter_VS_klein-rotated-e1765968333350-800x1200.jpg 800w, https:\/\/fragnach.org\/wp-content\/uploads\/2025\/12\/062b_DIT_IA_Postkarte_Grossmutter_VS_klein-rotated-e1765968333350-1024x1536.jpg 1024w, https:\/\/fragnach.org\/wp-content\/uploads\/2025\/12\/062b_DIT_IA_Postkarte_Grossmutter_VS_klein-rotated-e1765968333350.jpg 1200w\" sizes=\"(max-width: 200px) 100vw, 200px\" \/><\/a><\/p>\n<p><strong>Transkription Vorderseite<\/strong><\/p>\n<p>[Poststempel:] 3.12.1941,<\/p>\n<p>[Ort:] Insterburg<\/p>\n<p>Absender Betty Lauchheimer<\/p>\n<p>Adresse: Herrn Berthold Auerbacher,<\/p>\n<p>G\u00f6ppingen Jebenhausen<\/p>\n<p>Meine innigstgeliebte gutes (?)<\/p>\n<ol>\n<li>Ingelein u. ___________________________________<\/li>\n<\/ol>\n<p>Ich u. Thekla sitzen beisammen,<\/p>\n<p>wir sind gesund u. denken<\/p>\n<p>so oft an Euch meine Lieben (?)<\/p>\n<p>zur\u00fcck, ich bete (?) jeden ________<\/p>\n<p>zu Gott dem Allm\u00e4chtigen<\/p>\n<p>es soll nur noch ein (?)<\/p>\n<p>Wiedersehen geben. Die<\/p>\n<p>Gegend ist k\u00e4lter (?) als wir (?)<\/p>\n<p>wegfuhren, bin so froh (?) __________<\/p>\n<p>Meine warme (?)___________________________<\/p>\n<p>Nur h\u00e4tte sollen eine Decke (?)<\/p>\n<p>Mehr mit nehmen (?)<\/p>\n<p>wir kon(n)ten von Stuttgart<\/p>\n<p>aus noch meinen (?)<\/p>\n<p>gro\u00dfen Koffer weg senden(?)<\/p>\n<p>den mit uns ____________________<\/p>\n<\/div><\/div><\/div><div class=\"fusion-layout-column fusion_builder_column fusion-builder-column-6 fusion_builder_column_1_2 1_2 fusion-flex-column\" style=\"--awb-bg-size:cover;--awb-width-large:50%;--awb-margin-top-large:0px;--awb-spacing-right-large:3.84%;--awb-margin-bottom-large:20px;--awb-spacing-left-large:3.84%;--awb-width-medium:50%;--awb-order-medium:0;--awb-spacing-right-medium:3.84%;--awb-spacing-left-medium:3.84%;--awb-width-small:100%;--awb-order-small:0;--awb-spacing-right-small:1.92%;--awb-spacing-left-small:1.92%;\"><div class=\"fusion-column-wrapper fusion-column-has-shadow fusion-flex-justify-content-flex-start fusion-content-layout-column\"><div class=\"fusion-text fusion-text-7\"><p><a href=\"https:\/\/fragnach.org\/wp-content\/uploads\/2025\/12\/062b_DIT_IA_Postkarte_Grossmutter_RS_klein.jpg\"><img decoding=\"async\" class=\"alignnone wp-image-1461 size-medium\" src=\"https:\/\/fragnach.org\/wp-content\/uploads\/2025\/12\/062b_DIT_IA_Postkarte_Grossmutter_RS_klein-300x200.jpg\" alt=\"\" width=\"300\" height=\"200\" srcset=\"https:\/\/fragnach.org\/wp-content\/uploads\/2025\/12\/062b_DIT_IA_Postkarte_Grossmutter_RS_klein-18x12.jpg 18w, https:\/\/fragnach.org\/wp-content\/uploads\/2025\/12\/062b_DIT_IA_Postkarte_Grossmutter_RS_klein-200x133.jpg 200w, https:\/\/fragnach.org\/wp-content\/uploads\/2025\/12\/062b_DIT_IA_Postkarte_Grossmutter_RS_klein-300x200.jpg 300w, https:\/\/fragnach.org\/wp-content\/uploads\/2025\/12\/062b_DIT_IA_Postkarte_Grossmutter_RS_klein-400x267.jpg 400w, https:\/\/fragnach.org\/wp-content\/uploads\/2025\/12\/062b_DIT_IA_Postkarte_Grossmutter_RS_klein-600x400.jpg 600w, https:\/\/fragnach.org\/wp-content\/uploads\/2025\/12\/062b_DIT_IA_Postkarte_Grossmutter_RS_klein-768x512.jpg 768w, https:\/\/fragnach.org\/wp-content\/uploads\/2025\/12\/062b_DIT_IA_Postkarte_Grossmutter_RS_klein-800x533.jpg 800w, https:\/\/fragnach.org\/wp-content\/uploads\/2025\/12\/062b_DIT_IA_Postkarte_Grossmutter_RS_klein.jpg 1200w\" sizes=\"(max-width: 300px) 100vw, 300px\" \/><\/a><\/p>\n<p><strong>Transkription R\u00fcckseite<\/strong><\/p>\n<p>in Stuttgart habe<\/p>\n<p>alle Verwandten _______________________<\/p>\n<p>gesprochen was sagt<\/p>\n<p>doch _________________________________________<\/p>\n<p>an alle Bekannten Gr\u00fc\u00dfe(?)<\/p>\n<p>seid Ihr alle inniglich<\/p>\n<p>gegr\u00fc\u00dft u. gek\u00fc\u00dft<\/p>\n<p>von Eurer Euch (?) _____<\/p>\n<p>Mama<\/p>\n<p>Herzl. gr\u00fc\u00dfe Eure<\/p>\n<p>Thekla<\/p>\n<\/div><\/div><\/div><\/div><\/div><div class=\"fusion-fullwidth fullwidth-box fusion-builder-row-3 fusion-flex-container has-pattern-background has-mask-background nonhundred-percent-fullwidth non-hundred-percent-height-scrolling\" style=\"--awb-border-radius-top-left:0px;--awb-border-radius-top-right:0px;--awb-border-radius-bottom-right:0px;--awb-border-radius-bottom-left:0px;--awb-flex-wrap:wrap;\" ><div class=\"fusion-builder-row fusion-row fusion-flex-align-items-flex-start fusion-flex-content-wrap\" style=\"max-width:1572.48px;margin-left: calc(-4% \/ 2 );margin-right: calc(-4% \/ 2 );\"><div class=\"fusion-layout-column fusion_builder_column fusion-builder-column-7 fusion_builder_column_1_1 1_1 fusion-flex-column\" style=\"--awb-bg-size:cover;--awb-width-large:100%;--awb-margin-top-large:0px;--awb-spacing-right-large:1.92%;--awb-margin-bottom-large:20px;--awb-spacing-left-large:1.92%;--awb-width-medium:100%;--awb-order-medium:0;--awb-spacing-right-medium:1.92%;--awb-spacing-left-medium:1.92%;--awb-width-small:100%;--awb-order-small:0;--awb-spacing-right-small:1.92%;--awb-spacing-left-small:1.92%;\"><div class=\"fusion-column-wrapper fusion-column-has-shadow fusion-flex-justify-content-flex-start fusion-content-layout-column\"><div class=\"fusion-text fusion-text-8\"><p><em>Trotz intensiver Bem\u00fchung konnten wir die Postkarten nicht vollst\u00e4ndig transkribieren. Wenn Sie Erg\u00e4nzungen haben, schreiben Sie uns eine E-Mail unter <a href=\"mailto:exilarchiv@dnb.de\">exilarchiv@dnb.de<\/a><\/em><\/p>\n<p><em>Vielen Dank!<\/em><\/p>\n<\/div><\/div><\/div><\/div><\/div><\/p>","protected":false},"excerpt":{"rendered":"","protected":false},"author":65,"featured_media":0,"parent":619,"menu_order":0,"comment_status":"closed","ping_status":"closed","template":"","meta":{"footnotes":""},"class_list":["post-1433","page","type-page","status-publish","hentry"],"_links":{"self":[{"href":"https:\/\/fragnach.org\/en\/wp-json\/wp\/v2\/pages\/1433","targetHints":{"allow":["GET"]}}],"collection":[{"href":"https:\/\/fragnach.org\/en\/wp-json\/wp\/v2\/pages"}],"about":[{"href":"https:\/\/fragnach.org\/en\/wp-json\/wp\/v2\/types\/page"}],"author":[{"embeddable":true,"href":"https:\/\/fragnach.org\/en\/wp-json\/wp\/v2\/users\/65"}],"replies":[{"embeddable":true,"href":"https:\/\/fragnach.org\/en\/wp-json\/wp\/v2\/comments?post=1433"}],"version-history":[{"count":33,"href":"https:\/\/fragnach.org\/en\/wp-json\/wp\/v2\/pages\/1433\/revisions"}],"predecessor-version":[{"id":1474,"href":"https:\/\/fragnach.org\/en\/wp-json\/wp\/v2\/pages\/1433\/revisions\/1474"}],"up":[{"embeddable":true,"href":"https:\/\/fragnach.org\/en\/wp-json\/wp\/v2\/pages\/619"}],"wp:attachment":[{"href":"https:\/\/fragnach.org\/en\/wp-json\/wp\/v2\/media?parent=1433"}],"curies":[{"name":"wp","href":"https:\/\/api.w.org\/{rel}","templated":true}]}}