{"id":595,"date":"2023-08-15T16:11:10","date_gmt":"2023-08-15T14:11:10","guid":{"rendered":"https:\/\/fragnach.org\/?page_id=595"},"modified":"2023-09-05T22:28:57","modified_gmt":"2023-09-05T20:28:57","slug":"jewish-family-returns-goppingen","status":"publish","type":"page","link":"https:\/\/fragnach.org\/en\/uebersetzungen\/jewish-family-returns-goppingen\/","title":{"rendered":"\u201eJewish Familiy Returns Home To Goppingen\u201c, in: The Big Picture, Vol. I, Nr. 63, 16. September 1945"},"content":{"rendered":"<p><a href=\"https:\/\/fragnach.org\/wp-content\/uploads\/2023\/08\/068_a_DIT_IA_Rueckkehr-1-scaled.jpg\"><img decoding=\"async\" class=\"alignnone wp-image-637 size-medium\" src=\"https:\/\/fragnach.org\/wp-content\/uploads\/2023\/08\/068_a_DIT_IA_Rueckkehr-1-200x300.jpg\" alt=\"\" width=\"200\" height=\"300\" srcset=\"https:\/\/fragnach.org\/wp-content\/uploads\/2023\/08\/068_a_DIT_IA_Rueckkehr-1-200x300.jpg 200w, https:\/\/fragnach.org\/wp-content\/uploads\/2023\/08\/068_a_DIT_IA_Rueckkehr-1-400x600.jpg 400w, https:\/\/fragnach.org\/wp-content\/uploads\/2023\/08\/068_a_DIT_IA_Rueckkehr-1-600x900.jpg 600w, https:\/\/fragnach.org\/wp-content\/uploads\/2023\/08\/068_a_DIT_IA_Rueckkehr-1-683x1024.jpg 683w, https:\/\/fragnach.org\/wp-content\/uploads\/2023\/08\/068_a_DIT_IA_Rueckkehr-1-768x1152.jpg 768w, https:\/\/fragnach.org\/wp-content\/uploads\/2023\/08\/068_a_DIT_IA_Rueckkehr-1-800x1200.jpg 800w, https:\/\/fragnach.org\/wp-content\/uploads\/2023\/08\/068_a_DIT_IA_Rueckkehr-1-1024x1536.jpg 1024w, https:\/\/fragnach.org\/wp-content\/uploads\/2023\/08\/068_a_DIT_IA_Rueckkehr-1-1200x1800.jpg 1200w, https:\/\/fragnach.org\/wp-content\/uploads\/2023\/08\/068_a_DIT_IA_Rueckkehr-1-1365x2048.jpg 1365w, https:\/\/fragnach.org\/wp-content\/uploads\/2023\/08\/068_a_DIT_IA_Rueckkehr-1-scaled.jpg 1707w\" sizes=\"(max-width: 200px) 100vw, 200px\" \/><\/a><a href=\"https:\/\/fragnach.org\/wp-content\/uploads\/2023\/08\/068_b_DIT_IA_Rueckkehr-scaled.jpg\"><img decoding=\"async\" class=\"alignnone wp-image-638 size-medium\" src=\"https:\/\/fragnach.org\/wp-content\/uploads\/2023\/08\/068_b_DIT_IA_Rueckkehr-200x300.jpg\" alt=\"\" width=\"200\" height=\"300\" srcset=\"https:\/\/fragnach.org\/wp-content\/uploads\/2023\/08\/068_b_DIT_IA_Rueckkehr-200x300.jpg 200w, https:\/\/fragnach.org\/wp-content\/uploads\/2023\/08\/068_b_DIT_IA_Rueckkehr-400x600.jpg 400w, https:\/\/fragnach.org\/wp-content\/uploads\/2023\/08\/068_b_DIT_IA_Rueckkehr-600x900.jpg 600w, https:\/\/fragnach.org\/wp-content\/uploads\/2023\/08\/068_b_DIT_IA_Rueckkehr-683x1024.jpg 683w, https:\/\/fragnach.org\/wp-content\/uploads\/2023\/08\/068_b_DIT_IA_Rueckkehr-768x1152.jpg 768w, https:\/\/fragnach.org\/wp-content\/uploads\/2023\/08\/068_b_DIT_IA_Rueckkehr-800x1200.jpg 800w, https:\/\/fragnach.org\/wp-content\/uploads\/2023\/08\/068_b_DIT_IA_Rueckkehr-1024x1536.jpg 1024w, https:\/\/fragnach.org\/wp-content\/uploads\/2023\/08\/068_b_DIT_IA_Rueckkehr-1200x1800.jpg 1200w, https:\/\/fragnach.org\/wp-content\/uploads\/2023\/08\/068_b_DIT_IA_Rueckkehr-1365x2048.jpg 1365w, https:\/\/fragnach.org\/wp-content\/uploads\/2023\/08\/068_b_DIT_IA_Rueckkehr-scaled.jpg 1707w\" sizes=\"(max-width: 200px) 100vw, 200px\" \/><\/a><\/p>\n<p><strong>\u00dcbersetzung<\/strong><\/p>\n<p><strong><em>J\u00fcdische Familie kehrt zur\u00fcck nach G\u00f6ppingen<\/em><\/strong><\/p>\n<p>\u00dcber die Verh\u00e4ltnisse in Deutschland ist schon viel geschrieben worden &#8211; hier ist ein Text, der ein wenig Lokalkolorit hat.<\/p>\n<p><em>G\u00f6ppinger Familie<\/em><\/p>\n<p>Eine gewisse Familie lebte 1941 gl\u00fccklich in G\u00f6ppingen. Sie hatten viele Freunde &#8211; lebten gut und freuten sich auf ein gl\u00fcckliches Leben. Aber das Schicksal lachte sie aus &#8211; warum? Ganz einfach, weil sie j\u00fcdisch waren &#8211; j\u00fcdisch und in Deutschland. Sie geh\u00f6rten zu den 45 j\u00fcdischen Familien in G\u00f6ppingen &#8211; und sind ihres Wissens nach die einzige Familie, die \u00fcberlebt hat.<\/p>\n<p><em>Ins Konzentrationslager geschickt<\/em><\/p>\n<p>1941 wurde die Familie in das Konzentrationslager Theresienstadt in der N\u00e4he von Prag geschickt &#8211; ein Lager, das f\u00fcr 5.000 Menschen gebaut wurde und mit 50.000 Menschen gef\u00fcllt war, von denen weniger als die H\u00e4lfte die Haft bis zu ihrer Freilassung 1945 \u00fcberlebten.<\/p>\n<p>Der Tod war im Lager an der Tagesordnung &#8211; tagelang lagen Leichen auf dem Boden. Wer zu fliehen versuchte, wurde auf der Stelle erschossen. Unterern\u00e4hrung und extreme K\u00e4lte&#8230; (Fortsetzung)<\/p>\n<p><em>Die Familie kehrt zur\u00fcck&#8230;<\/em><\/p>\n<p>(Fortsetzung) &#8230;forderten Tausende von Menschenleben.<\/p>\n<p>Die Familie ist nach G\u00f6ppingen zur\u00fcckgekehrt &#8211; die G\u00f6ppinger sind freundlich &#8211; ach ja &#8211; so freundlich &#8211; und es tut ihnen so leid! Eine beliebte Eigenschaft der Deutschen!<\/p>\n<p>Nein &#8211; die Familie hat nicht die Absicht, in Deutschland zu bleiben &#8211; das Leben k\u00f6nnte mit den Erinnerungen an diese schrecklichen Jahre und der Doppelz\u00fcngigkeit des deutschen Volkes niemals ein gl\u00fcckliches sein.<\/p>","protected":false},"excerpt":{"rendered":"<p>\u00dcbersetzung J\u00fcdische Familie kehrt zur\u00fcck nach G\u00f6ppingen \u00dcber die Verh\u00e4ltnisse  [&#8230;]<\/p>","protected":false},"author":4,"featured_media":0,"parent":604,"menu_order":0,"comment_status":"closed","ping_status":"closed","template":"","meta":{"footnotes":""},"class_list":["post-595","page","type-page","status-publish","hentry"],"_links":{"self":[{"href":"https:\/\/fragnach.org\/en\/wp-json\/wp\/v2\/pages\/595","targetHints":{"allow":["GET"]}}],"collection":[{"href":"https:\/\/fragnach.org\/en\/wp-json\/wp\/v2\/pages"}],"about":[{"href":"https:\/\/fragnach.org\/en\/wp-json\/wp\/v2\/types\/page"}],"author":[{"embeddable":true,"href":"https:\/\/fragnach.org\/en\/wp-json\/wp\/v2\/users\/4"}],"replies":[{"embeddable":true,"href":"https:\/\/fragnach.org\/en\/wp-json\/wp\/v2\/comments?post=595"}],"version-history":[{"count":10,"href":"https:\/\/fragnach.org\/en\/wp-json\/wp\/v2\/pages\/595\/revisions"}],"predecessor-version":[{"id":1479,"href":"https:\/\/fragnach.org\/en\/wp-json\/wp\/v2\/pages\/595\/revisions\/1479"}],"up":[{"embeddable":true,"href":"https:\/\/fragnach.org\/en\/wp-json\/wp\/v2\/pages\/604"}],"wp:attachment":[{"href":"https:\/\/fragnach.org\/en\/wp-json\/wp\/v2\/media?parent=595"}],"curies":[{"name":"wp","href":"https:\/\/api.w.org\/{rel}","templated":true}]}}